{"id":2,"date":"2023-06-07T17:24:55","date_gmt":"2023-06-07T15:24:55","guid":{"rendered":"https:\/\/dudock.fr\/?page_id=2"},"modified":"2025-03-01T18:25:20","modified_gmt":"2025-03-01T17:25:20","slug":"accueil","status":"publish","type":"page","link":"https:\/\/dudock.fr\/","title":{"rendered":"Accueil"},"content":{"rendered":"\n<div class=\"slider-wrapper relative\" id=\"slider-1339104134\" >\n    <div class=\"slider slider-nav-circle slider-nav-large slider-nav-light slider-style-normal\"\n        data-flickity-options='{\n            \"cellAlign\": \"center\",\n            \"imagesLoaded\": true,\n            \"lazyLoad\": 1,\n            \"freeScroll\": false,\n            \"wrapAround\": true,\n            \"autoPlay\": 6000,\n            \"pauseAutoPlayOnHover\" : true,\n            \"prevNextButtons\": true,\n            \"contain\" : true,\n            \"adaptiveHeight\" : true,\n            \"dragThreshold\" : 10,\n            \"percentPosition\": true,\n            \"pageDots\": true,\n            \"rightToLeft\": false,\n            \"draggable\": true,\n            \"selectedAttraction\": 0.1,\n            \"parallax\" : 0,\n            \"friction\": 0.6        }'\n        >\n        \n\n\n  <div class=\"banner has-hover\" id=\"banner-1448406072\">\n          <div class=\"banner-inner fill\">\n        <div class=\"banner-bg fill\" >\n            <img loading=\"lazy\" decoding=\"async\" width=\"1920\" height=\"1280\" src=\"https:\/\/dudock.fr\/wp-content\/uploads\/2023\/06\/922-HirePortable-Space-Day2-2.5.18-20ft-FSA-Front-Open-final-2.jpg\" class=\"bg attachment-original size-original\" alt=\"\" \/>                                    \n                    <\/div>\n\t\t\n        <div class=\"banner-layers container\">\n            <div class=\"fill banner-link\"><\/div>            \n\n   <div id=\"text-box-792783872\" class=\"text-box banner-layer x5 md-x5 lg-x5 y95 md-y50 lg-y50 res-text\">\n                                <div class=\"text-box-content text box-shadow-1\">\n              \n              <div class=\"text-inner text-left\">\n                  \n\n<h6>simple, rapide et facile<\/h6>\n<h3 class=\"uppercase\">louer votre box<\/h3>\n<p>Louez une bo\u00eete de stockage pour garder vos biens en s\u00e9curit\u00e9. Espace suppl\u00e9mentaire, surveillance 24h\/24 et acc\u00e8s facile. Solution pratique pour d\u00e9sencombrer votre vie.<\/p>\n<a class=\"button primary is-gradient hidden\"  >\n\t\t<span>A button<\/span>\n\t<\/a>\n\n\n\n              <\/div>\n           <\/div>\n                            \n<style>\n#text-box-792783872 .text-box-content {\n  background-color: rgba(255, 255, 255, 0.94);\n  font-size: 100%;\n}\n#text-box-792783872 .text-inner {\n  padding: 30px 30px 30px 30px;\n}\n#text-box-792783872 {\n  width: 90%;\n}\n@media (min-width:550px) {\n  #text-box-792783872 {\n    width: 44%;\n  }\n}\n<\/style>\n    <\/div>\n \n\n        <\/div>\n      <\/div>\n\n            \n<style>\n#banner-1448406072 {\n  padding-top: 637px;\n}\n#banner-1448406072 .banner-bg img {\n  object-position: 62% 60%;\n}\n<\/style>\n  <\/div>\n\n\n\n     <\/div>\n\n     <div class=\"loading-spin dark large centered\"><\/div>\n\n\t<\/div>\n\n\n\n\t<section class=\"section\" id=\"section_1798487229\">\n\t\t<div class=\"section-bg fill\" >\n\t\t\t\t\t\t\t\t\t\n\t\t\t\n\n\t\t<\/div>\n\n\t\t\n\n\t\t<div class=\"section-content relative\">\n\t\t\t\n\n<div class=\"row row-large align-center row-divided\"  id=\"row-1825019980\">\n\n\n\t<div id=\"col-1424344608\" class=\"col medium-4 large-4\"  >\n\t\t\t\t<div class=\"col-inner\"  >\n\t\t\t\n\t\t\t\n\n\n\t\t<div class=\"icon-box featured-box icon-box-center text-center\"  style=\"margin:0px 0px 0px 0px;\">\n\t\t\t\t\t<div class=\"icon-box-img has-icon-bg\" style=\"width: 150px\">\n\t\t\t\t<div class=\"icon\">\n\t\t\t\t\t<div class=\"icon-inner\" style=\"border-width:2px;\">\n\t\t\t\t\t\t<img loading=\"lazy\" decoding=\"async\" width=\"300\" height=\"169\" src=\"https:\/\/dudock.fr\/wp-content\/uploads\/2023\/06\/beveiliging-620x350-3-300x169.jpg\" class=\"attachment-medium size-medium\" alt=\"\" srcset=\"https:\/\/dudock.fr\/wp-content\/uploads\/2023\/06\/beveiliging-620x350-3-300x169.jpg 300w, https:\/\/dudock.fr\/wp-content\/uploads\/2023\/06\/beveiliging-620x350-3.jpg 620w\" sizes=\"auto, (max-width: 300px) 100vw, 300px\" \/>\t\t\t\t\t<\/div>\n\t\t\t\t<\/div>\n\t\t\t<\/div>\n\t\t\t\t<div class=\"icon-box-text last-reset\">\n\t\t\t<h5 class=\"uppercase\">la s\u00e9curit\u00e9<\/h5>\t\t\t\t\t\t\n\n<p>Louez une bo\u00eete de stockage s\u00e9curis\u00e9e avec une serrure de haute qualit\u00e9. Vos biens seront prot\u00e9g\u00e9s de mani\u00e8re fiable, offrant une tranquillit\u00e9 d&rsquo;esprit totale.<\/p>\n\n\t\t<\/div>\n\t<\/div>\n\t\n\t\n\n\t\t<\/div>\n\t\t\t\t\t<\/div>\n\n\t\n\n\t<div id=\"col-1425872456\" class=\"col medium-4 large-4\"  >\n\t\t\t\t<div class=\"col-inner\"  >\n\t\t\t\n\t\t\t\n\n\n\t\t<div class=\"icon-box featured-box icon-box-center text-center\"  style=\"margin:0px 0px 0px 0px;\">\n\t\t\t\t\t<div class=\"icon-box-img has-icon-bg\" style=\"width: 150px\">\n\t\t\t\t<div class=\"icon\">\n\t\t\t\t\t<div class=\"icon-inner\" style=\"border-width:2px;\">\n\t\t\t\t\t\t<img loading=\"lazy\" decoding=\"async\" width=\"300\" height=\"169\" src=\"https:\/\/dudock.fr\/wp-content\/uploads\/2023\/06\/image_1-300x169.jpg\" class=\"attachment-medium size-medium\" alt=\"\" srcset=\"https:\/\/dudock.fr\/wp-content\/uploads\/2023\/06\/image_1-300x169.jpg 300w, https:\/\/dudock.fr\/wp-content\/uploads\/2023\/06\/image_1.jpg 320w\" sizes=\"auto, (max-width: 300px) 100vw, 300px\" \/>\t\t\t\t\t<\/div>\n\t\t\t\t<\/div>\n\t\t\t<\/div>\n\t\t\t\t<div class=\"icon-box-text last-reset\">\n\t\t\t<h5 class=\"uppercase\">Propre<\/h5>\t\t\t\t\t\t\n\n<p>Louez une bo\u00eete de stockage propre et bien entretenue pour garantir la pr\u00e9servation optimale de vos biens. Un espace impeccable et adapt\u00e9 \u00e0 tous vos besoins de rangement.<\/p>\n\n\t\t<\/div>\n\t<\/div>\n\t\n\t\n\n\t\t<\/div>\n\t\t\t\t\t<\/div>\n\n\t\n\n\t<div id=\"col-1802456220\" class=\"col medium-4 large-4\"  >\n\t\t\t\t<div class=\"col-inner\"  >\n\t\t\t\n\t\t\t\n\n\n\t\t<div class=\"icon-box featured-box icon-box-center text-center\"  style=\"margin:0px 0px 0px 0px;\">\n\t\t\t\t\t<div class=\"icon-box-img has-icon-bg\" style=\"width: 158px\">\n\t\t\t\t<div class=\"icon\">\n\t\t\t\t\t<div class=\"icon-inner\" style=\"border-width:2px;\">\n\t\t\t\t\t\t<img loading=\"lazy\" decoding=\"async\" width=\"300\" height=\"171\" src=\"https:\/\/dudock.fr\/wp-content\/uploads\/2023\/06\/ouvrir-commerce-plus-souvent-seloger-bureaux-commerces-1-300x171.jpg\" class=\"attachment-medium size-medium\" alt=\"\" srcset=\"https:\/\/dudock.fr\/wp-content\/uploads\/2023\/06\/ouvrir-commerce-plus-souvent-seloger-bureaux-commerces-1-300x171.jpg 300w, https:\/\/dudock.fr\/wp-content\/uploads\/2023\/06\/ouvrir-commerce-plus-souvent-seloger-bureaux-commerces-1.jpg 480w\" sizes=\"auto, (max-width: 300px) 100vw, 300px\" \/>\t\t\t\t\t<\/div>\n\t\t\t\t<\/div>\n\t\t\t<\/div>\n\t\t\t\t<div class=\"icon-box-text last-reset\">\n\t\t\t<h5 class=\"uppercase\">Disponibilit\u00e9<\/h5>\t\t\t\t\t\t\n\n<p>Louez une bo\u00eete de stockage toujours accessible pour avoir la libert\u00e9 d&rsquo;acc\u00e9der \u00e0 vos biens quand vous en avez besoin. La commodit\u00e9 \u00e0 port\u00e9e de main, 24h\/24 et 7j\/7.<\/p>\n\n\t\t<\/div>\n\t<\/div>\n\t\n\t\n\n\t\t<\/div>\n\t\t\t\t\t<\/div>\n\n\t\n\n<\/div>\n\n\t\t<\/div>\n\n\t\t\n<style>\n#section_1798487229 {\n  padding-top: 30px;\n  padding-bottom: 30px;\n  background-color: rgb(255, 255, 255);\n}\n<\/style>\n\t<\/section>\n\t\n\n\t<section class=\"section\" id=\"section_259089656\">\n\t\t<div class=\"section-bg fill\" >\n\t\t\t\t\t\t\t\t\t<div class=\"section-bg-overlay absolute fill\"><\/div>\n\t\t\t\n\t<div class=\"is-border\"\n\t\tstyle=\"border-width:1px 0px 1px 0px;\">\n\t<\/div>\n\n\t\t<\/div>\n\n\t\t\n\n\t\t<div class=\"section-content relative\">\n\t\t\t\n\n<div class=\"row row-large align-middle\"  id=\"row-484736390\">\n\n\n\t<div id=\"col-467993757\" class=\"col medium-6 small-12 large-6\"  >\n\t\t\t\t<div class=\"col-inner\"  >\n\t\t\t\n\t\t\t\n\n\t<div class=\"img has-hover x md-x lg-x y md-y lg-y\" id=\"image_792500260\">\n\t\t\t\t\t\t\t\t<div class=\"img-inner box-shadow-2 dark\" >\n\t\t\t<img loading=\"lazy\" decoding=\"async\" width=\"1020\" height=\"574\" src=\"https:\/\/dudock.fr\/wp-content\/uploads\/2023\/06\/0003833_online-cursus-geld-besparen-en-verdienen-1024x576.jpeg\" class=\"attachment-large size-large\" alt=\"\" srcset=\"https:\/\/dudock.fr\/wp-content\/uploads\/2023\/06\/0003833_online-cursus-geld-besparen-en-verdienen-1024x576.jpeg 1024w, https:\/\/dudock.fr\/wp-content\/uploads\/2023\/06\/0003833_online-cursus-geld-besparen-en-verdienen-300x169.jpeg 300w, https:\/\/dudock.fr\/wp-content\/uploads\/2023\/06\/0003833_online-cursus-geld-besparen-en-verdienen-768x432.jpeg 768w, https:\/\/dudock.fr\/wp-content\/uploads\/2023\/06\/0003833_online-cursus-geld-besparen-en-verdienen.jpeg 1280w\" sizes=\"auto, (max-width: 1020px) 100vw, 1020px\" \/>\t\t\t\t\t\t\n\t\t\t\t\t<\/div>\n\t\t\t\t\t\t\t\t\n<style>\n#image_792500260 {\n  width: 100%;\n}\n<\/style>\n\t<\/div>\n\t\n\n\n\t\t<\/div>\n\t\t\t\t\t<\/div>\n\n\t\n\n\t<div id=\"col-1052104743\" class=\"col medium-6 small-12 large-6\"  >\n\t\t\t\t<div class=\"col-inner text-left\"  >\n\t\t\t\n\t\t\t\n\n<h2 class=\"uppercase\">LE Prix<\/h2>\n<p>La location d&rsquo;une bo\u00eete de stockage \u00e0 prix abordable est la solution id\u00e9ale pour \u00e9conomiser de l&rsquo;argent tout en b\u00e9n\u00e9ficiant d&rsquo;un espace de rangement suppl\u00e9mentaire et s\u00e9curis\u00e9.<\/p>\n<a class=\"button primary hidden\"  >\n\t\t<span>Add Any content here<\/span>\n\t<\/a>\n\n\n\n\t\t<\/div>\n\t\t\t\t\t<\/div>\n\n\t\n\n<\/div>\n\n\t\t<\/div>\n\n\t\t\n<style>\n#section_259089656 {\n  padding-top: 60px;\n  padding-bottom: 60px;\n  background-color: rgb(193, 193, 193);\n}\n#section_259089656 .section-bg-overlay {\n  background-color: rgba(255, 255, 255, 0.85);\n}\n<\/style>\n\t<\/section>\n\t\n\n\t<section class=\"section\" id=\"section_239952972\">\n\t\t<div class=\"section-bg fill\" >\n\t\t\t\t\t\t\t\t\t<div class=\"section-bg-overlay absolute fill\"><\/div>\n\t\t\t\n\n\t\t<\/div>\n\n\t\t\n\n\t\t<div class=\"section-content relative\">\n\t\t\t\n\n<div class=\"row row-large align-middle\"  id=\"row-1306967451\">\n\n\n\t<div id=\"col-133149539\" class=\"col medium-6 small-12 large-6\"  >\n\t\t\t\t<div class=\"col-inner text-left\"  >\n\t\t\t\n\t\t\t\n\n<h2 class=\"uppercase\">le contrat<\/h2>\n<p>Louez une bo\u00eete de stockage avec un contrat flexible pour r\u00e9pondre \u00e0 vos besoins sp\u00e9cifiques. Vous pouvez ajuster la dur\u00e9e de location selon votre convenance. Simplifiez votre stockage d\u00e8s maintenant !<\/p>\n<a class=\"button primary hidden\"  >\n\t\t<span>Add Any content here<\/span>\n\t<\/a>\n\n\n\n\t\t<\/div>\n\t\t\t\t\t<\/div>\n\n\t\n\n\t<div id=\"col-2108251199\" class=\"col medium-6 small-12 large-6\"  >\n\t\t\t\t<div class=\"col-inner\"  >\n\t\t\t\n\t\t\t\n\n\t<div class=\"img has-hover x md-x lg-x y md-y lg-y\" id=\"image_930530830\">\n\t\t\t\t\t\t\t\t<div class=\"img-inner box-shadow-2 dark\" >\n\t\t\t<img loading=\"lazy\" decoding=\"async\" width=\"627\" height=\"627\" src=\"https:\/\/dudock.fr\/wp-content\/uploads\/2023\/06\/1666388288554.jpeg\" class=\"attachment-large size-large\" alt=\"\" srcset=\"https:\/\/dudock.fr\/wp-content\/uploads\/2023\/06\/1666388288554.jpeg 627w, https:\/\/dudock.fr\/wp-content\/uploads\/2023\/06\/1666388288554-300x300.jpeg 300w, https:\/\/dudock.fr\/wp-content\/uploads\/2023\/06\/1666388288554-150x150.jpeg 150w\" sizes=\"auto, (max-width: 627px) 100vw, 627px\" \/>\t\t\t\t\t\t\n\t\t\t\t\t<\/div>\n\t\t\t\t\t\t\t\t\n<style>\n#image_930530830 {\n  width: 100%;\n}\n<\/style>\n\t<\/div>\n\t\n\n\n\t\t<\/div>\n\t\t\t\t\t<\/div>\n\n\t\n\n<\/div>\n\n\t\t<\/div>\n\n\t\t\n<style>\n#section_239952972 {\n  padding-top: 60px;\n  padding-bottom: 60px;\n  background-color: rgb(255, 255, 255);\n}\n#section_239952972 .section-bg-overlay {\n  background-color: rgba(255, 255, 255, 0.85);\n}\n<\/style>\n\t<\/section>\n\t\n\n\t<section class=\"section\" id=\"section_1261615258\">\n\t\t<div class=\"section-bg fill\" >\n\t\t\t\t\t\t\t\t\t<div class=\"section-bg-overlay absolute fill\"><\/div>\n\t\t\t\n\t<div class=\"is-border\"\n\t\tstyle=\"border-width:1px 0px 1px 0px;\">\n\t<\/div>\n\n\t\t<\/div>\n\n\t\t\n\n\t\t<div class=\"section-content relative\">\n\t\t\t\n\n<div class=\"row row-large align-middle\"  id=\"row-1095352084\">\n\n\n\t<div id=\"col-103893385\" class=\"col medium-6 small-12 large-6\"  >\n\t\t\t\t<div class=\"col-inner\"  >\n\t\t\t\n\t\t\t\n\n\t<div class=\"img has-hover x md-x lg-x y md-y lg-y\" id=\"image_472434967\">\n\t\t\t\t\t\t\t\t<div class=\"img-inner box-shadow-2 dark\" >\n\t\t\t<img loading=\"lazy\" decoding=\"async\" width=\"678\" height=\"381\" src=\"https:\/\/dudock.fr\/wp-content\/uploads\/2023\/06\/box-de-stockage-678x381.jpg.webp\" class=\"attachment-large size-large\" alt=\"\" srcset=\"https:\/\/dudock.fr\/wp-content\/uploads\/2023\/06\/box-de-stockage-678x381.jpg.webp 678w, https:\/\/dudock.fr\/wp-content\/uploads\/2023\/06\/box-de-stockage-678x381.jpg-300x169.webp 300w\" sizes=\"auto, (max-width: 678px) 100vw, 678px\" \/>\t\t\t\t\t\t\n\t\t\t\t\t<\/div>\n\t\t\t\t\t\t\t\t\n<style>\n#image_472434967 {\n  width: 100%;\n}\n<\/style>\n\t<\/div>\n\t\n\n\n\t\t<\/div>\n\t\t\t\t\t<\/div>\n\n\t\n\n\t<div id=\"col-4288564\" class=\"col medium-6 small-12 large-6\"  >\n\t\t\t\t<div class=\"col-inner text-left\"  >\n\t\t\t\n\t\t\t\n\n<h2 class=\"uppercase\">avantage entreprises<\/h2>\n<p>La location d&rsquo;une bo\u00eete de stockage pour les entreprises est avantageuse car elle offre des tarifs abordables sans paiement de la Contribution Fonci\u00e8re des Entreprises (CFE). \u00c9conomisez tout en conservant vos biens en toute s\u00e9curit\u00e9.<\/p>\n<a class=\"button primary hidden\"  >\n\t\t<span>Add Any content here<\/span>\n\t<\/a>\n\n\n\n\t\t<\/div>\n\t\t\t\t\t<\/div>\n\n\t\n\n<\/div>\n\n\t\t<\/div>\n\n\t\t\n<style>\n#section_1261615258 {\n  padding-top: 60px;\n  padding-bottom: 60px;\n  background-color: rgb(193, 193, 193);\n}\n#section_1261615258 .section-bg-overlay {\n  background-color: rgba(255, 255, 255, 0.85);\n}\n<\/style>\n\t<\/section>\n\t\n\n<div class=\"message-box relative dark\" style=\"padding-top:36px;padding-bottom:36px;\"><div class=\"message-box-bg-image bg-fill fill\" ><\/div><div class=\"message-box-bg-overlay bg-fill fill\" style=\"background-color:rgb(245, 150, 29);\"><\/div><div class=\"container relative\"><div class=\"inner last-reset\">\n\n<div class=\"row align-middle\"  id=\"row-762261180\">\n\n\n\t<div id=\"col-1327986146\" class=\"col medium-7 small-12 large-7\"  >\n\t\t\t\t<div class=\"col-inner\"  >\n\t\t\t\n\t\t\t\n\n<h2 class=\"uppercase\">appelez nous<\/h2>\n<p>Louez une bo\u00eete de stockage pour vos besoins de stockage, et appelez-nous lorsque vous souhaitez y acc\u00e9der. Nous sommes l\u00e0 pour vous aider et faciliter votre exp\u00e9rience de stockage.<\/p>\n\n\t\t<\/div>\n\t\t\t\t\t<\/div>\n\n\t\n\n\t<div id=\"col-718634794\" class=\"col medium-5 small-12 large-5\"  >\n\t\t\t\t<div class=\"col-inner text-right\"  >\n\t\t\t\n\t\t\t\n\n<a data-animate=\"flipInY\" href=\"tel:0553628519\" class=\"button white is-outline is-larger\"  >\n\t\t<span>Appelez nous<\/span>\n\t<\/a>\n\n\n\n\t\t<\/div>\n\t\t\t\t\t<\/div>\n\n\t\n\n<\/div>\n\n<\/div><\/div><\/div>\n\n","protected":false},"excerpt":{"rendered":"","protected":false},"author":1,"featured_media":0,"parent":0,"menu_order":0,"comment_status":"closed","ping_status":"closed","template":"page-blank.php","meta":{"footnotes":""},"class_list":["post-2","page","type-page","status-publish","hentry"],"_links":{"self":[{"href":"https:\/\/dudock.fr\/index.php?rest_route=\/wp\/v2\/pages\/2","targetHints":{"allow":["GET"]}}],"collection":[{"href":"https:\/\/dudock.fr\/index.php?rest_route=\/wp\/v2\/pages"}],"about":[{"href":"https:\/\/dudock.fr\/index.php?rest_route=\/wp\/v2\/types\/page"}],"author":[{"embeddable":true,"href":"https:\/\/dudock.fr\/index.php?rest_route=\/wp\/v2\/users\/1"}],"replies":[{"embeddable":true,"href":"https:\/\/dudock.fr\/index.php?rest_route=%2Fwp%2Fv2%2Fcomments&post=2"}],"version-history":[{"count":8,"href":"https:\/\/dudock.fr\/index.php?rest_route=\/wp\/v2\/pages\/2\/revisions"}],"predecessor-version":[{"id":120,"href":"https:\/\/dudock.fr\/index.php?rest_route=\/wp\/v2\/pages\/2\/revisions\/120"}],"wp:attachment":[{"href":"https:\/\/dudock.fr\/index.php?rest_route=%2Fwp%2Fv2%2Fmedia&parent=2"}],"curies":[{"name":"wp","href":"https:\/\/api.w.org\/{rel}","templated":true}]}}